{"id":1835,"date":"2024-01-26T14:22:27","date_gmt":"2024-01-26T19:22:27","guid":{"rendered":"https:\/\/www.ingenieriayespecialidades.com\/WP_ING\/?post_type=product&#038;p=1835"},"modified":"2024-05-06T20:55:28","modified_gmt":"2024-05-07T01:55:28","slug":"maquila","status":"publish","type":"product","link":"https:\/\/www.ingenieriayespecialidades.com\/WP_ING\/producto\/maquila\/","title":{"rendered":"MAQUILA"},"content":{"rendered":"<p>Prestamos servicio de maquila y transformaci\u00f3n de l\u00edquidos a la industria.<\/p>\n","protected":false},"excerpt":{"rendered":"<p>Prestamos servicio de maquila y transformaci\u00f3n de l\u00edquidos a la industria. Contamos con capacidad instalada y procesos productivos dise\u00f1ados para un \u00f3ptimo desempe\u00f1o y excelente calidad de producto terminado.<\/p>\n<p>Nuestro proceso de maquila funciona a partir de un contrato de confidencialidad, denominado com\u00fanmente contrato de maquila, con objetivo de utilizar nuestra capacidad instalada y nuestra experiencia en procesos productivos para la fabricaci\u00f3n de l\u00edquidos industriales dentro de un programa de producci\u00f3n.<\/p>\n","protected":false},"featured_media":2005,"template":"","meta":{"site-sidebar-layout":"default","site-content-layout":"","ast-site-content-layout":"default","site-content-style":"default","site-sidebar-style":"default","ast-global-header-display":"","ast-banner-title-visibility":"","ast-main-header-display":"","ast-hfb-above-header-display":"","ast-hfb-below-header-display":"","ast-hfb-mobile-header-display":"","site-post-title":"","ast-breadcrumbs-content":"","ast-featured-img":"","footer-sml-layout":"","theme-transparent-header-meta":"default","adv-header-id-meta":"","stick-header-meta":"","header-above-stick-meta":"","header-main-stick-meta":"","header-below-stick-meta":"","astra-migrate-meta-layouts":"set","ast-page-background-enabled":"default","ast-page-background-meta":{"desktop":{"background-color":"var(--ast-global-color-4)","background-image":"","background-repeat":"repeat","background-position":"center center","background-size":"auto","background-attachment":"scroll","background-type":"","background-media":"","overlay-type":"","overlay-color":"","overlay-gradient":""},"tablet":{"background-color":"","background-image":"","background-repeat":"repeat","background-position":"center center","background-size":"auto","background-attachment":"scroll","background-type":"","background-media":"","overlay-type":"","overlay-color":"","overlay-gradient":""},"mobile":{"background-color":"","background-image":"","background-repeat":"repeat","background-position":"center center","background-size":"auto","background-attachment":"scroll","background-type":"","background-media":"","overlay-type":"","overlay-color":"","overlay-gradient":""}},"ast-content-background-meta":{"desktop":{"background-color":"var(--ast-global-color-5)","background-image":"","background-repeat":"repeat","background-position":"center center","background-size":"auto","background-attachment":"scroll","background-type":"","background-media":"","overlay-type":"","overlay-color":"","overlay-gradient":""},"tablet":{"background-color":"var(--ast-global-color-5)","background-image":"","background-repeat":"repeat","background-position":"center center","background-size":"auto","background-attachment":"scroll","background-type":"","background-media":"","overlay-type":"","overlay-color":"","overlay-gradient":""},"mobile":{"background-color":"var(--ast-global-color-5)","background-image":"","background-repeat":"repeat","background-position":"center center","background-size":"auto","background-attachment":"scroll","background-type":"","background-media":"","overlay-type":"","overlay-color":"","overlay-gradient":""}}},"product_cat":[22],"product_tag":[],"class_list":{"0":"post-1835","1":"product","2":"type-product","3":"status-publish","4":"has-post-thumbnail","6":"product_cat-sin-categorizar","7":"desktop-align-left","8":"tablet-align-left","9":"mobile-align-left","11":"first","12":"instock","13":"shipping-taxable","14":"product-type-simple"},"_links":{"self":[{"href":"https:\/\/www.ingenieriayespecialidades.com\/WP_ING\/wp-json\/wp\/v2\/product\/1835","targetHints":{"allow":["GET"]}}],"collection":[{"href":"https:\/\/www.ingenieriayespecialidades.com\/WP_ING\/wp-json\/wp\/v2\/product"}],"about":[{"href":"https:\/\/www.ingenieriayespecialidades.com\/WP_ING\/wp-json\/wp\/v2\/types\/product"}],"wp:featuredmedia":[{"embeddable":true,"href":"https:\/\/www.ingenieriayespecialidades.com\/WP_ING\/wp-json\/wp\/v2\/media\/2005"}],"wp:attachment":[{"href":"https:\/\/www.ingenieriayespecialidades.com\/WP_ING\/wp-json\/wp\/v2\/media?parent=1835"}],"wp:term":[{"taxonomy":"product_cat","embeddable":true,"href":"https:\/\/www.ingenieriayespecialidades.com\/WP_ING\/wp-json\/wp\/v2\/product_cat?post=1835"},{"taxonomy":"product_tag","embeddable":true,"href":"https:\/\/www.ingenieriayespecialidades.com\/WP_ING\/wp-json\/wp\/v2\/product_tag?post=1835"}],"curies":[{"name":"wp","href":"https:\/\/api.w.org\/{rel}","templated":true}]}}