{"id":1715,"date":"2023-12-14T01:53:41","date_gmt":"2023-12-14T06:53:41","guid":{"rendered":"https:\/\/www.ingenieriayespecialidades.com\/WP_ING\/?post_type=product&#038;p=1715"},"modified":"2024-06-21T12:38:03","modified_gmt":"2024-06-21T17:38:03","slug":"pintura-alquidica-base-agua","status":"publish","type":"product","link":"https:\/\/www.ingenieriayespecialidades.com\/WP_ING\/producto\/pintura-alquidica-base-agua\/","title":{"rendered":"PINTURA ALQU\u00cdDICA BASE AGUA"},"content":{"rendered":"<p>PINTURA ALQU\u00cdDICA BASE AGUA es un recubrimiento ecol\u00f3gico para aplicaci\u00f3n en superficies de concreto, madera y metal en ambientes exteriores e interiores.<\/p>\n<p>Colores disponibles:<\/p>\n<p><img decoding=\"async\" class=\"alignnone wp-image-1716\" src=\"https:\/\/www.ingenieriayespecialidades.com\/WP_ING\/wp-content\/uploads\/2023\/12\/dadasdfwe232w-300x33.png\" alt=\"\" width=\"372\" height=\"41\" srcset=\"https:\/\/www.ingenieriayespecialidades.com\/WP_ING\/wp-content\/uploads\/2023\/12\/dadasdfwe232w-300x33.png 300w, https:\/\/www.ingenieriayespecialidades.com\/WP_ING\/wp-content\/uploads\/2023\/12\/dadasdfwe232w.png 362w\" sizes=\"(max-width: 372px) 100vw, 372px\" \/><\/p>\n<p><img decoding=\"async\" class=\"alignnone size-full wp-image-1717\" src=\"https:\/\/www.ingenieriayespecialidades.com\/WP_ING\/wp-content\/uploads\/2023\/12\/sadasdadadasdad.png\" alt=\"\" width=\"119\" height=\"41\" \/><\/p>\n<p>Alta resistencia a la intemperie.<br \/>\nExcelente cubrimiento y adherencia.<\/p>\n","protected":false},"excerpt":{"rendered":"<p>PINTURA ALQU\u00cdDICA BASE AGUA es un recubrimiento ecol\u00f3gico para aplicaci\u00f3n en superficies de concreto, madera y metal en ambientes exteriores e interiores.<\/p>\n<p>Colores disponibles:<\/p>\n<p><img decoding=\"async\" class=\"alignnone wp-image-1716\" src=\"https:\/\/www.ingenieriayespecialidades.com\/WP_ING\/wp-content\/uploads\/2023\/12\/dadasdfwe232w-300x33.png\" alt=\"\" width=\"372\" height=\"41\" srcset=\"https:\/\/www.ingenieriayespecialidades.com\/WP_ING\/wp-content\/uploads\/2023\/12\/dadasdfwe232w-300x33.png 300w, https:\/\/www.ingenieriayespecialidades.com\/WP_ING\/wp-content\/uploads\/2023\/12\/dadasdfwe232w.png 362w\" sizes=\"(max-width: 372px) 100vw, 372px\" \/><\/p>\n<p><img decoding=\"async\" class=\"alignnone size-full wp-image-1717\" src=\"https:\/\/www.ingenieriayespecialidades.com\/WP_ING\/wp-content\/uploads\/2023\/12\/sadasdadadasdad.png\" alt=\"\" width=\"119\" height=\"41\" \/><\/p>\n<p>Alta resistencia a la intemperie.<br \/>\nExcelente cubrimiento y adherencia.<\/p>\n<p><a href=\"https:\/\/www.ingenieriayespecialidades.com\/WP_ING\/wp-content\/uploads\/2023\/12\/Ficha-tecnica-PINTURA-ALQUIDICA-Antibacterial.pdf\">CAT\u00c1LOGO<\/a><\/p>\n<p>&nbsp;<\/p>\n","protected":false},"featured_media":2157,"template":"","meta":{"site-sidebar-layout":"default","site-content-layout":"","ast-site-content-layout":"default","site-content-style":"default","site-sidebar-style":"default","ast-global-header-display":"","ast-banner-title-visibility":"","ast-main-header-display":"","ast-hfb-above-header-display":"","ast-hfb-below-header-display":"","ast-hfb-mobile-header-display":"","site-post-title":"","ast-breadcrumbs-content":"","ast-featured-img":"","footer-sml-layout":"","theme-transparent-header-meta":"default","adv-header-id-meta":"","stick-header-meta":"","header-above-stick-meta":"","header-main-stick-meta":"","header-below-stick-meta":"","astra-migrate-meta-layouts":"set","ast-page-background-enabled":"default","ast-page-background-meta":{"desktop":{"background-color":"var(--ast-global-color-4)","background-image":"","background-repeat":"repeat","background-position":"center center","background-size":"auto","background-attachment":"scroll","background-type":"","background-media":"","overlay-type":"","overlay-color":"","overlay-gradient":""},"tablet":{"background-color":"","background-image":"","background-repeat":"repeat","background-position":"center center","background-size":"auto","background-attachment":"scroll","background-type":"","background-media":"","overlay-type":"","overlay-color":"","overlay-gradient":""},"mobile":{"background-color":"","background-image":"","background-repeat":"repeat","background-position":"center center","background-size":"auto","background-attachment":"scroll","background-type":"","background-media":"","overlay-type":"","overlay-color":"","overlay-gradient":""}},"ast-content-background-meta":{"desktop":{"background-color":"var(--ast-global-color-5)","background-image":"","background-repeat":"repeat","background-position":"center center","background-size":"auto","background-attachment":"scroll","background-type":"","background-media":"","overlay-type":"","overlay-color":"","overlay-gradient":""},"tablet":{"background-color":"var(--ast-global-color-5)","background-image":"","background-repeat":"repeat","background-position":"center center","background-size":"auto","background-attachment":"scroll","background-type":"","background-media":"","overlay-type":"","overlay-color":"","overlay-gradient":""},"mobile":{"background-color":"var(--ast-global-color-5)","background-image":"","background-repeat":"repeat","background-position":"center center","background-size":"auto","background-attachment":"scroll","background-type":"","background-media":"","overlay-type":"","overlay-color":"","overlay-gradient":""}}},"product_cat":[24],"product_tag":[],"class_list":{"0":"post-1715","1":"product","2":"type-product","3":"status-publish","4":"has-post-thumbnail","6":"product_cat-productos-manofacturados","7":"desktop-align-left","8":"tablet-align-left","9":"mobile-align-left","11":"first","12":"instock","13":"shipping-taxable","14":"product-type-simple"},"_links":{"self":[{"href":"https:\/\/www.ingenieriayespecialidades.com\/WP_ING\/wp-json\/wp\/v2\/product\/1715","targetHints":{"allow":["GET"]}}],"collection":[{"href":"https:\/\/www.ingenieriayespecialidades.com\/WP_ING\/wp-json\/wp\/v2\/product"}],"about":[{"href":"https:\/\/www.ingenieriayespecialidades.com\/WP_ING\/wp-json\/wp\/v2\/types\/product"}],"wp:featuredmedia":[{"embeddable":true,"href":"https:\/\/www.ingenieriayespecialidades.com\/WP_ING\/wp-json\/wp\/v2\/media\/2157"}],"wp:attachment":[{"href":"https:\/\/www.ingenieriayespecialidades.com\/WP_ING\/wp-json\/wp\/v2\/media?parent=1715"}],"wp:term":[{"taxonomy":"product_cat","embeddable":true,"href":"https:\/\/www.ingenieriayespecialidades.com\/WP_ING\/wp-json\/wp\/v2\/product_cat?post=1715"},{"taxonomy":"product_tag","embeddable":true,"href":"https:\/\/www.ingenieriayespecialidades.com\/WP_ING\/wp-json\/wp\/v2\/product_tag?post=1715"}],"curies":[{"name":"wp","href":"https:\/\/api.w.org\/{rel}","templated":true}]}}