{"id":1708,"date":"2023-12-14T01:42:54","date_gmt":"2023-12-14T06:42:54","guid":{"rendered":"https:\/\/www.ingenieriayespecialidades.com\/WP_ING\/?post_type=product&#038;p=1708"},"modified":"2024-06-19T16:08:53","modified_gmt":"2024-06-19T21:08:53","slug":"pintura-epoxica-base-agua-piso","status":"publish","type":"product","link":"https:\/\/www.ingenieriayespecialidades.com\/WP_ING\/producto\/pintura-epoxica-base-agua-piso\/","title":{"rendered":"PINTURA EP\u00d3XICA BASE AGUA PISO"},"content":{"rendered":"<p>PINTURA EP\u00d3XICA BASE AGUA PISO es un recubrimiento ep\u00f3xico catalizado; formulado con materias primas amigables con el medio ambiente, resinas ep\u00f3xicas y endurecedores base agua.<\/p>\n<div>Colores disponibles:<\/div>\n<p><img decoding=\"async\" class=\"alignnone size-medium wp-image-1710\" src=\"https:\/\/www.ingenieriayespecialidades.com\/WP_ING\/wp-content\/uploads\/2023\/12\/cacsasedq-300x36.png\" alt=\"\" width=\"300\" height=\"36\" srcset=\"https:\/\/www.ingenieriayespecialidades.com\/WP_ING\/wp-content\/uploads\/2023\/12\/cacsasedq-300x36.png 300w, https:\/\/www.ingenieriayespecialidades.com\/WP_ING\/wp-content\/uploads\/2023\/12\/cacsasedq.png 363w\" sizes=\"(max-width: 300px) 100vw, 300px\" \/><\/p>\n<p>&nbsp;<\/p>\n<p>Resistencia:<br \/>\nLuz: Buena, Corrosi\u00f3n: Excelente, Abrasi\u00f3n: Excelente<br \/>\nDisolventes: Buena, Agua: Excelente, Gasolina: Excelente<br \/>\n\u00c1cidos: Buena, Grasas: Excelente<\/p>\n","protected":false},"excerpt":{"rendered":"<p>PINTURA EP\u00d3XICA BASE AGUA PISO es un recubrimiento ep\u00f3xico catalizado; formulado con materias primas amigables con el medio ambiente, resinas ep\u00f3xicas y endurecedores base agua.<\/p>\n<div>Colores disponibles:<\/div>\n<p><img decoding=\"async\" class=\"alignnone size-medium wp-image-1710\" src=\"https:\/\/www.ingenieriayespecialidades.com\/WP_ING\/wp-content\/uploads\/2023\/12\/cacsasedq-300x36.png\" alt=\"\" width=\"300\" height=\"36\" srcset=\"https:\/\/www.ingenieriayespecialidades.com\/WP_ING\/wp-content\/uploads\/2023\/12\/cacsasedq-300x36.png 300w, https:\/\/www.ingenieriayespecialidades.com\/WP_ING\/wp-content\/uploads\/2023\/12\/cacsasedq.png 363w\" sizes=\"(max-width: 300px) 100vw, 300px\" \/><\/p>\n<p>&nbsp;<\/p>\n<p>Resistencia:<br \/>\nLuz: Buena, Corrosi\u00f3n: Excelente, Abrasi\u00f3n: Excelente<br \/>\nDisolventes: Buena, Agua: Excelente, Gasolina: Excelente<br \/>\n\u00c1cidos: Buena, Grasas: Excelente<\/p>\n<p><a href=\"https:\/\/www.ingenieriayespecialidades.com\/WP_ING\/wp-content\/uploads\/2023\/12\/FICHA-TECNICA-PISO-CWF.pdf\">CAT\u00c1LOGO<\/a><\/p>\n","protected":false},"featured_media":2130,"template":"","meta":{"site-sidebar-layout":"default","site-content-layout":"","ast-site-content-layout":"default","site-content-style":"default","site-sidebar-style":"default","ast-global-header-display":"","ast-banner-title-visibility":"","ast-main-header-display":"","ast-hfb-above-header-display":"","ast-hfb-below-header-display":"","ast-hfb-mobile-header-display":"","site-post-title":"","ast-breadcrumbs-content":"","ast-featured-img":"","footer-sml-layout":"","theme-transparent-header-meta":"default","adv-header-id-meta":"","stick-header-meta":"","header-above-stick-meta":"","header-main-stick-meta":"","header-below-stick-meta":"","astra-migrate-meta-layouts":"set","ast-page-background-enabled":"default","ast-page-background-meta":{"desktop":{"background-color":"var(--ast-global-color-4)","background-image":"","background-repeat":"repeat","background-position":"center center","background-size":"auto","background-attachment":"scroll","background-type":"","background-media":"","overlay-type":"","overlay-color":"","overlay-gradient":""},"tablet":{"background-color":"","background-image":"","background-repeat":"repeat","background-position":"center center","background-size":"auto","background-attachment":"scroll","background-type":"","background-media":"","overlay-type":"","overlay-color":"","overlay-gradient":""},"mobile":{"background-color":"","background-image":"","background-repeat":"repeat","background-position":"center center","background-size":"auto","background-attachment":"scroll","background-type":"","background-media":"","overlay-type":"","overlay-color":"","overlay-gradient":""}},"ast-content-background-meta":{"desktop":{"background-color":"var(--ast-global-color-5)","background-image":"","background-repeat":"repeat","background-position":"center center","background-size":"auto","background-attachment":"scroll","background-type":"","background-media":"","overlay-type":"","overlay-color":"","overlay-gradient":""},"tablet":{"background-color":"var(--ast-global-color-5)","background-image":"","background-repeat":"repeat","background-position":"center center","background-size":"auto","background-attachment":"scroll","background-type":"","background-media":"","overlay-type":"","overlay-color":"","overlay-gradient":""},"mobile":{"background-color":"var(--ast-global-color-5)","background-image":"","background-repeat":"repeat","background-position":"center center","background-size":"auto","background-attachment":"scroll","background-type":"","background-media":"","overlay-type":"","overlay-color":"","overlay-gradient":""}}},"product_cat":[24],"product_tag":[],"class_list":{"0":"post-1708","1":"product","2":"type-product","3":"status-publish","4":"has-post-thumbnail","6":"product_cat-productos-manofacturados","7":"desktop-align-left","8":"tablet-align-left","9":"mobile-align-left","11":"first","12":"instock","13":"shipping-taxable","14":"product-type-simple"},"_links":{"self":[{"href":"https:\/\/www.ingenieriayespecialidades.com\/WP_ING\/wp-json\/wp\/v2\/product\/1708","targetHints":{"allow":["GET"]}}],"collection":[{"href":"https:\/\/www.ingenieriayespecialidades.com\/WP_ING\/wp-json\/wp\/v2\/product"}],"about":[{"href":"https:\/\/www.ingenieriayespecialidades.com\/WP_ING\/wp-json\/wp\/v2\/types\/product"}],"wp:featuredmedia":[{"embeddable":true,"href":"https:\/\/www.ingenieriayespecialidades.com\/WP_ING\/wp-json\/wp\/v2\/media\/2130"}],"wp:attachment":[{"href":"https:\/\/www.ingenieriayespecialidades.com\/WP_ING\/wp-json\/wp\/v2\/media?parent=1708"}],"wp:term":[{"taxonomy":"product_cat","embeddable":true,"href":"https:\/\/www.ingenieriayespecialidades.com\/WP_ING\/wp-json\/wp\/v2\/product_cat?post=1708"},{"taxonomy":"product_tag","embeddable":true,"href":"https:\/\/www.ingenieriayespecialidades.com\/WP_ING\/wp-json\/wp\/v2\/product_tag?post=1708"}],"curies":[{"name":"wp","href":"https:\/\/api.w.org\/{rel}","templated":true}]}}