{"id":1683,"date":"2023-12-14T00:57:32","date_gmt":"2023-12-14T05:57:32","guid":{"rendered":"https:\/\/www.ingenieriayespecialidades.com\/WP_ING\/?post_type=product&#038;p=1683"},"modified":"2024-06-19T16:25:06","modified_gmt":"2024-06-19T21:25:06","slug":"monomeros-especiales","status":"publish","type":"product","link":"https:\/\/www.ingenieriayespecialidades.com\/WP_ING\/producto\/monomeros-especiales\/","title":{"rendered":"MON\u00d3MEROS ESPECIALES"},"content":{"rendered":"<p>Nuestros mon\u00f3meros reactivos mejoran la humectaci\u00f3n, la adhesi\u00f3n, la estabilidad de la emulsi\u00f3n o le proporciona mayor desempe\u00f1o a la pel\u00edcula.<\/p>\n<p>\u2013 Tecnolog\u00eda PAM (Sipomer\u00ae PAM 100\/200\/300\/4000\/5000)<br \/>\n\u2013 Estabilizadores polimerizables (Sipomer\u00ae COPS-1\/COPS-3\/AES-100\/AAE10)<br \/>\n\u2013 Modificadores de resina (Sipomer\u00ae IBOMA\/IBOA\/\u03b2-CEA)<br \/>\n\u2013 Reolog\u00eda (Sipomer\u00ae BEM\/SEM25)<br \/>\n\u2013 Adhesi\u00f3n en h\u00famedo (Sipomer\u00aeWAM)<\/p>\n","protected":false},"excerpt":{"rendered":"<p>Nuestros mon\u00f3meros reactivos mejoran la humectaci\u00f3n, la adhesi\u00f3n, la estabilidad de la emulsi\u00f3n o le proporciona mayor desempe\u00f1o a la pel\u00edcula.<\/p>\n<p>\u2013 Tecnolog\u00eda PAM (Sipomer\u00ae PAM 100\/200\/300\/4000\/5000)<br \/>\n\u2013 Estabilizadores polimerizables (Sipomer\u00ae COPS-1\/COPS-3\/AES-100\/AAE10)<br \/>\n\u2013 Modificadores de resina (Sipomer\u00ae IBOMA\/IBOA\/\u03b2-CEA)<br \/>\n\u2013 Reolog\u00eda (Sipomer\u00ae BEM\/SEM25)<br \/>\n\u2013 Adhesi\u00f3n en h\u00famedo (Sipomer\u00aeWAM)<\/p>\n<p>&nbsp;<\/p>\n<p><a href=\"https:\/\/www.ingenieriayespecialidades.com\/WP_ING\/wp-content\/uploads\/2023\/12\/NA-Sipomer-Specialty-Monomers.pdf\">CAT\u00c1LOGO<\/a><\/p>\n","protected":false},"featured_media":2138,"template":"","meta":{"site-sidebar-layout":"default","site-content-layout":"","ast-site-content-layout":"default","site-content-style":"default","site-sidebar-style":"default","ast-global-header-display":"","ast-banner-title-visibility":"","ast-main-header-display":"","ast-hfb-above-header-display":"","ast-hfb-below-header-display":"","ast-hfb-mobile-header-display":"","site-post-title":"","ast-breadcrumbs-content":"","ast-featured-img":"","footer-sml-layout":"","theme-transparent-header-meta":"default","adv-header-id-meta":"","stick-header-meta":"","header-above-stick-meta":"","header-main-stick-meta":"","header-below-stick-meta":"","astra-migrate-meta-layouts":"set","ast-page-background-enabled":"default","ast-page-background-meta":{"desktop":{"background-color":"var(--ast-global-color-4)","background-image":"","background-repeat":"repeat","background-position":"center center","background-size":"auto","background-attachment":"scroll","background-type":"","background-media":"","overlay-type":"","overlay-color":"","overlay-gradient":""},"tablet":{"background-color":"","background-image":"","background-repeat":"repeat","background-position":"center center","background-size":"auto","background-attachment":"scroll","background-type":"","background-media":"","overlay-type":"","overlay-color":"","overlay-gradient":""},"mobile":{"background-color":"","background-image":"","background-repeat":"repeat","background-position":"center center","background-size":"auto","background-attachment":"scroll","background-type":"","background-media":"","overlay-type":"","overlay-color":"","overlay-gradient":""}},"ast-content-background-meta":{"desktop":{"background-color":"var(--ast-global-color-5)","background-image":"","background-repeat":"repeat","background-position":"center center","background-size":"auto","background-attachment":"scroll","background-type":"","background-media":"","overlay-type":"","overlay-color":"","overlay-gradient":""},"tablet":{"background-color":"var(--ast-global-color-5)","background-image":"","background-repeat":"repeat","background-position":"center center","background-size":"auto","background-attachment":"scroll","background-type":"","background-media":"","overlay-type":"","overlay-color":"","overlay-gradient":""},"mobile":{"background-color":"var(--ast-global-color-5)","background-image":"","background-repeat":"repeat","background-position":"center center","background-size":"auto","background-attachment":"scroll","background-type":"","background-media":"","overlay-type":"","overlay-color":"","overlay-gradient":""}}},"product_cat":[23],"product_tag":[],"class_list":{"0":"post-1683","1":"product","2":"type-product","3":"status-publish","4":"has-post-thumbnail","6":"product_cat-productos-de-distribucion","7":"desktop-align-left","8":"tablet-align-left","9":"mobile-align-left","11":"first","12":"instock","13":"shipping-taxable","14":"product-type-simple"},"_links":{"self":[{"href":"https:\/\/www.ingenieriayespecialidades.com\/WP_ING\/wp-json\/wp\/v2\/product\/1683","targetHints":{"allow":["GET"]}}],"collection":[{"href":"https:\/\/www.ingenieriayespecialidades.com\/WP_ING\/wp-json\/wp\/v2\/product"}],"about":[{"href":"https:\/\/www.ingenieriayespecialidades.com\/WP_ING\/wp-json\/wp\/v2\/types\/product"}],"wp:featuredmedia":[{"embeddable":true,"href":"https:\/\/www.ingenieriayespecialidades.com\/WP_ING\/wp-json\/wp\/v2\/media\/2138"}],"wp:attachment":[{"href":"https:\/\/www.ingenieriayespecialidades.com\/WP_ING\/wp-json\/wp\/v2\/media?parent=1683"}],"wp:term":[{"taxonomy":"product_cat","embeddable":true,"href":"https:\/\/www.ingenieriayespecialidades.com\/WP_ING\/wp-json\/wp\/v2\/product_cat?post=1683"},{"taxonomy":"product_tag","embeddable":true,"href":"https:\/\/www.ingenieriayespecialidades.com\/WP_ING\/wp-json\/wp\/v2\/product_tag?post=1683"}],"curies":[{"name":"wp","href":"https:\/\/api.w.org\/{rel}","templated":true}]}}