{"id":1670,"date":"2023-12-14T00:04:07","date_gmt":"2023-12-14T05:04:07","guid":{"rendered":"https:\/\/www.ingenieriayespecialidades.com\/WP_ING\/?post_type=product&#038;p=1670"},"modified":"2024-06-21T12:34:09","modified_gmt":"2024-06-21T17:34:09","slug":"aditivos-aw-y-ep","status":"publish","type":"product","link":"https:\/\/www.ingenieriayespecialidades.com\/WP_ING\/producto\/aditivos-aw-y-ep\/","title":{"rendered":"ADITIVOS AW Y EP"},"content":{"rendered":"<p>Nuestros aditivos AntiWear y Extreme Pressure son una soluci\u00f3n de protecci\u00f3n para los equipos, de reducci\u00f3n de desgaste y de econom\u00eda en el consumo de combustible.<\/p>\n<p>Manejamos las qu\u00edmicas de compuestos Organo-Fosforos.<\/p>\n<p>Nuestras referencias son:<br \/>\n\u2013 Lubrhophos\u00ae<br \/>\n\u2013 Rhodafac\u00ae<br \/>\n\u2013 Duraphos\u00ae<\/p>\n","protected":false},"excerpt":{"rendered":"<p>Nuestros aditivos AntiWear y Extreme Pressure son una soluci\u00f3n de protecci\u00f3n para los equipos, de reducci\u00f3n de desgaste y de econom\u00eda en el consumo de combustible.<\/p>\n<p>Manejamos las qu\u00edmicas de compuestos Organo-Fosforos.<\/p>\n<p>Nuestras referencias son:<br \/>\n\u2013 Lubrhophos\u00ae<br \/>\n\u2013 Rhodafac\u00ae<br \/>\n\u2013 Duraphos\u00ae<\/p>\n<p><a href=\"https:\/\/www.ingenieriayespecialidades.com\/WP_ING\/wp-content\/uploads\/2023\/12\/IPS-LUBRICANTES-PRESENTACION-EDITADA-COLOMBIA1-1.pdf\">CATALOGO<\/a><\/p>\n","protected":false},"featured_media":2140,"template":"","meta":{"site-sidebar-layout":"default","site-content-layout":"","ast-site-content-layout":"default","site-content-style":"default","site-sidebar-style":"default","ast-global-header-display":"","ast-banner-title-visibility":"","ast-main-header-display":"","ast-hfb-above-header-display":"","ast-hfb-below-header-display":"","ast-hfb-mobile-header-display":"","site-post-title":"","ast-breadcrumbs-content":"","ast-featured-img":"","footer-sml-layout":"","theme-transparent-header-meta":"default","adv-header-id-meta":"","stick-header-meta":"","header-above-stick-meta":"","header-main-stick-meta":"","header-below-stick-meta":"","astra-migrate-meta-layouts":"set","ast-page-background-enabled":"default","ast-page-background-meta":{"desktop":{"background-color":"var(--ast-global-color-4)","background-image":"","background-repeat":"repeat","background-position":"center center","background-size":"auto","background-attachment":"scroll","background-type":"","background-media":"","overlay-type":"","overlay-color":"","overlay-gradient":""},"tablet":{"background-color":"","background-image":"","background-repeat":"repeat","background-position":"center center","background-size":"auto","background-attachment":"scroll","background-type":"","background-media":"","overlay-type":"","overlay-color":"","overlay-gradient":""},"mobile":{"background-color":"","background-image":"","background-repeat":"repeat","background-position":"center center","background-size":"auto","background-attachment":"scroll","background-type":"","background-media":"","overlay-type":"","overlay-color":"","overlay-gradient":""}},"ast-content-background-meta":{"desktop":{"background-color":"var(--ast-global-color-5)","background-image":"","background-repeat":"repeat","background-position":"center center","background-size":"auto","background-attachment":"scroll","background-type":"","background-media":"","overlay-type":"","overlay-color":"","overlay-gradient":""},"tablet":{"background-color":"var(--ast-global-color-5)","background-image":"","background-repeat":"repeat","background-position":"center center","background-size":"auto","background-attachment":"scroll","background-type":"","background-media":"","overlay-type":"","overlay-color":"","overlay-gradient":""},"mobile":{"background-color":"var(--ast-global-color-5)","background-image":"","background-repeat":"repeat","background-position":"center center","background-size":"auto","background-attachment":"scroll","background-type":"","background-media":"","overlay-type":"","overlay-color":"","overlay-gradient":""}}},"product_cat":[23],"product_tag":[],"class_list":{"0":"post-1670","1":"product","2":"type-product","3":"status-publish","4":"has-post-thumbnail","6":"product_cat-productos-de-distribucion","7":"desktop-align-left","8":"tablet-align-left","9":"mobile-align-left","11":"first","12":"instock","13":"virtual","14":"product-type-simple"},"_links":{"self":[{"href":"https:\/\/www.ingenieriayespecialidades.com\/WP_ING\/wp-json\/wp\/v2\/product\/1670","targetHints":{"allow":["GET"]}}],"collection":[{"href":"https:\/\/www.ingenieriayespecialidades.com\/WP_ING\/wp-json\/wp\/v2\/product"}],"about":[{"href":"https:\/\/www.ingenieriayespecialidades.com\/WP_ING\/wp-json\/wp\/v2\/types\/product"}],"wp:featuredmedia":[{"embeddable":true,"href":"https:\/\/www.ingenieriayespecialidades.com\/WP_ING\/wp-json\/wp\/v2\/media\/2140"}],"wp:attachment":[{"href":"https:\/\/www.ingenieriayespecialidades.com\/WP_ING\/wp-json\/wp\/v2\/media?parent=1670"}],"wp:term":[{"taxonomy":"product_cat","embeddable":true,"href":"https:\/\/www.ingenieriayespecialidades.com\/WP_ING\/wp-json\/wp\/v2\/product_cat?post=1670"},{"taxonomy":"product_tag","embeddable":true,"href":"https:\/\/www.ingenieriayespecialidades.com\/WP_ING\/wp-json\/wp\/v2\/product_tag?post=1670"}],"curies":[{"name":"wp","href":"https:\/\/api.w.org\/{rel}","templated":true}]}}