{"id":1644,"date":"2023-12-13T23:10:08","date_gmt":"2023-12-14T04:10:08","guid":{"rendered":"https:\/\/www.ingenieriayespecialidades.com\/WP_ING\/?post_type=product&#038;p=1644"},"modified":"2024-06-19T16:59:43","modified_gmt":"2024-06-19T21:59:43","slug":"aditivos-polimericos","status":"publish","type":"product","link":"https:\/\/www.ingenieriayespecialidades.com\/WP_ING\/producto\/aditivos-polimericos\/","title":{"rendered":"ADITIVOS POLIM\u00c9RICOS"},"content":{"rendered":"<p>Ofrecemos un amplio rango de tecnolog\u00eda superior que mejora el desempe\u00f1o de los pl\u00e1sticos en aplicaciones de agricultura, partes automotivas interior y exterior, componentes de construcci\u00f3n y electr\u00f3nicos, fibras, empaques, paneles fotovoltaicos, piezas en rotomoldeo, entre otros.<\/p>\n<p>\u2013 Antioxidantes (Cyanox\u00ae)<br \/>\n\u2013 Estabilizadores UV de nueva generaci\u00f3n (Cyasorb\u00ae, Cynergy Solutions\u00ae)<\/p>\n","protected":false},"excerpt":{"rendered":"<p>Ofrecemos un amplio rango de tecnolog\u00eda superior que mejora el desempe\u00f1o de los pl\u00e1sticos en aplicaciones de agricultura, partes automotivas interior y exterior, componentes de construcci\u00f3n y electr\u00f3nicos, fibras, empaques, paneles fotovoltaicos, piezas en rotomoldeo, entre otros.<\/p>\n<p>\u2013 Antioxidantes (Cyanox\u00ae)<br \/>\n\u2013 Estabilizadores UV de nueva generaci\u00f3n (Cyasorb\u00ae, Cynergy Solutions\u00ae)<\/p>\n<p><a href=\"https:\/\/www.ingenieriayespecialidades.com\/WP_ING\/wp-content\/uploads\/2023\/12\/Brochure-PRODUCT_PORTFOLIO.pdf\">CAT\u00c1LOGO<\/a><\/p>\n","protected":false},"featured_media":2155,"template":"","meta":{"site-sidebar-layout":"default","site-content-layout":"","ast-site-content-layout":"default","site-content-style":"default","site-sidebar-style":"default","ast-global-header-display":"","ast-banner-title-visibility":"","ast-main-header-display":"","ast-hfb-above-header-display":"","ast-hfb-below-header-display":"","ast-hfb-mobile-header-display":"","site-post-title":"","ast-breadcrumbs-content":"","ast-featured-img":"","footer-sml-layout":"","theme-transparent-header-meta":"default","adv-header-id-meta":"","stick-header-meta":"","header-above-stick-meta":"","header-main-stick-meta":"","header-below-stick-meta":"","astra-migrate-meta-layouts":"set","ast-page-background-enabled":"default","ast-page-background-meta":{"desktop":{"background-color":"var(--ast-global-color-4)","background-image":"","background-repeat":"repeat","background-position":"center center","background-size":"auto","background-attachment":"scroll","background-type":"","background-media":"","overlay-type":"","overlay-color":"","overlay-gradient":""},"tablet":{"background-color":"","background-image":"","background-repeat":"repeat","background-position":"center center","background-size":"auto","background-attachment":"scroll","background-type":"","background-media":"","overlay-type":"","overlay-color":"","overlay-gradient":""},"mobile":{"background-color":"","background-image":"","background-repeat":"repeat","background-position":"center center","background-size":"auto","background-attachment":"scroll","background-type":"","background-media":"","overlay-type":"","overlay-color":"","overlay-gradient":""}},"ast-content-background-meta":{"desktop":{"background-color":"var(--ast-global-color-5)","background-image":"","background-repeat":"repeat","background-position":"center center","background-size":"auto","background-attachment":"scroll","background-type":"","background-media":"","overlay-type":"","overlay-color":"","overlay-gradient":""},"tablet":{"background-color":"var(--ast-global-color-5)","background-image":"","background-repeat":"repeat","background-position":"center center","background-size":"auto","background-attachment":"scroll","background-type":"","background-media":"","overlay-type":"","overlay-color":"","overlay-gradient":""},"mobile":{"background-color":"var(--ast-global-color-5)","background-image":"","background-repeat":"repeat","background-position":"center center","background-size":"auto","background-attachment":"scroll","background-type":"","background-media":"","overlay-type":"","overlay-color":"","overlay-gradient":""}}},"product_cat":[23],"product_tag":[],"class_list":{"0":"post-1644","1":"product","2":"type-product","3":"status-publish","4":"has-post-thumbnail","6":"product_cat-productos-de-distribucion","7":"desktop-align-left","8":"tablet-align-left","9":"mobile-align-left","11":"first","12":"instock","13":"virtual","14":"product-type-simple"},"_links":{"self":[{"href":"https:\/\/www.ingenieriayespecialidades.com\/WP_ING\/wp-json\/wp\/v2\/product\/1644","targetHints":{"allow":["GET"]}}],"collection":[{"href":"https:\/\/www.ingenieriayespecialidades.com\/WP_ING\/wp-json\/wp\/v2\/product"}],"about":[{"href":"https:\/\/www.ingenieriayespecialidades.com\/WP_ING\/wp-json\/wp\/v2\/types\/product"}],"wp:featuredmedia":[{"embeddable":true,"href":"https:\/\/www.ingenieriayespecialidades.com\/WP_ING\/wp-json\/wp\/v2\/media\/2155"}],"wp:attachment":[{"href":"https:\/\/www.ingenieriayespecialidades.com\/WP_ING\/wp-json\/wp\/v2\/media?parent=1644"}],"wp:term":[{"taxonomy":"product_cat","embeddable":true,"href":"https:\/\/www.ingenieriayespecialidades.com\/WP_ING\/wp-json\/wp\/v2\/product_cat?post=1644"},{"taxonomy":"product_tag","embeddable":true,"href":"https:\/\/www.ingenieriayespecialidades.com\/WP_ING\/wp-json\/wp\/v2\/product_tag?post=1644"}],"curies":[{"name":"wp","href":"https:\/\/api.w.org\/{rel}","templated":true}]}}