{"id":14,"date":"2021-11-21T15:14:19","date_gmt":"2021-11-21T15:14:19","guid":{"rendered":"https:\/\/www.ingenieriayespecialidades.com\/WP_ING\/about\/"},"modified":"2024-05-06T14:12:34","modified_gmt":"2024-05-06T19:12:34","slug":"somos","status":"publish","type":"page","link":"https:\/\/www.ingenieriayespecialidades.com\/WP_ING\/somos\/","title":{"rendered":"Somos"},"content":{"rendered":"\t\t<div data-elementor-type=\"wp-page\" data-elementor-id=\"14\" class=\"elementor elementor-14\">\n\t\t\t\t\t\t<section class=\"elementor-section elementor-top-section elementor-element elementor-element-75c2efe elementor-section-boxed elementor-section-height-default elementor-section-height-default\" data-id=\"75c2efe\" data-element_type=\"section\">\n\t\t\t\t\t\t<div class=\"elementor-container elementor-column-gap-default\">\n\t\t\t\t\t<div class=\"elementor-column elementor-col-50 elementor-top-column elementor-element elementor-element-45c6258\" data-id=\"45c6258\" data-element_type=\"column\">\n\t\t\t<div class=\"elementor-widget-wrap elementor-element-populated\">\n\t\t\t\t\t\t<div class=\"elementor-element elementor-element-296ae43 elementor-widget__width-initial elementor-widget elementor-widget-heading\" data-id=\"296ae43\" data-element_type=\"widget\" data-widget_type=\"heading.default\">\n\t\t\t\t<div class=\"elementor-widget-container\">\n\t\t\t<style>\/*! elementor - v3.22.0 - 17-06-2024 *\/\n.elementor-heading-title{padding:0;margin:0;line-height:1}.elementor-widget-heading .elementor-heading-title[class*=elementor-size-]>a{color:inherit;font-size:inherit;line-height:inherit}.elementor-widget-heading .elementor-heading-title.elementor-size-small{font-size:15px}.elementor-widget-heading .elementor-heading-title.elementor-size-medium{font-size:19px}.elementor-widget-heading .elementor-heading-title.elementor-size-large{font-size:29px}.elementor-widget-heading .elementor-heading-title.elementor-size-xl{font-size:39px}.elementor-widget-heading .elementor-heading-title.elementor-size-xxl{font-size:59px}<\/style><h4 class=\"elementor-heading-title elementor-size-default\">INGENIER\u00cdA Y ESPECIALIDADES<\/h4>\t\t<\/div>\n\t\t\t\t<\/div>\n\t\t\t\t<div class=\"elementor-element elementor-element-53a4ac7 elementor-widget__width-initial elementor-widget elementor-widget-text-editor\" data-id=\"53a4ac7\" data-element_type=\"widget\" data-widget_type=\"text-editor.default\">\n\t\t\t\t<div class=\"elementor-widget-container\">\n\t\t\t<style>\/*! elementor - v3.22.0 - 17-06-2024 *\/\n.elementor-widget-text-editor.elementor-drop-cap-view-stacked .elementor-drop-cap{background-color:#69727d;color:#fff}.elementor-widget-text-editor.elementor-drop-cap-view-framed .elementor-drop-cap{color:#69727d;border:3px solid;background-color:transparent}.elementor-widget-text-editor:not(.elementor-drop-cap-view-default) .elementor-drop-cap{margin-top:8px}.elementor-widget-text-editor:not(.elementor-drop-cap-view-default) .elementor-drop-cap-letter{width:1em;height:1em}.elementor-widget-text-editor .elementor-drop-cap{float:left;text-align:center;line-height:1;font-size:50px}.elementor-widget-text-editor .elementor-drop-cap-letter{display:inline-block}<\/style>\t\t\t\t<p>Somos una compa\u00f1\u00eda colombiana operando desde el a\u00f1o 2001, dedicada a la distribuci\u00f3n y fabricaci\u00f3n de especialidades qu\u00edmicas, buscando llevar soluciones tecnol\u00f3gicas a las necesidades de nuestros clientes. Para \u00e9ste prop\u00f3sito buscamos alianzas estrat\u00e9gicas con compa\u00f1\u00edas l\u00edderes mundiales. Todas nuestras tecnolog\u00edas est\u00e1n enfocadas a la protecci\u00f3n del medio ambiente y de la salud de nuestro equipo de trabajo, clientes y comunidad, a trav\u00e9s de productos biodegradables y la eliminaci\u00f3n de solventes org\u00e1nicos en nuestras formulaciones.<\/p>\t\t\t\t\t\t<\/div>\n\t\t\t\t<\/div>\n\t\t\t\t\t<\/div>\n\t\t<\/div>\n\t\t\t\t<div class=\"elementor-column elementor-col-50 elementor-top-column elementor-element elementor-element-fa987f0 elementor-hidden-mobile\" data-id=\"fa987f0\" data-element_type=\"column\">\n\t\t\t<div class=\"elementor-widget-wrap elementor-element-populated\">\n\t\t\t\t\t\t<div class=\"elementor-element elementor-element-74a0854 elementor-widget__width-initial elementor-widget elementor-widget-image\" data-id=\"74a0854\" data-element_type=\"widget\" data-widget_type=\"image.default\">\n\t\t\t\t<div class=\"elementor-widget-container\">\n\t\t\t<style>\/*! elementor - v3.22.0 - 17-06-2024 *\/\n.elementor-widget-image{text-align:center}.elementor-widget-image a{display:inline-block}.elementor-widget-image a img[src$=\".svg\"]{width:48px}.elementor-widget-image img{vertical-align:middle;display:inline-block}<\/style>\t\t\t\t\t\t\t\t\t\t<img decoding=\"async\" src=\"https:\/\/www.ingenieriayespecialidades.com\/WP_ING\/wp-content\/uploads\/elementor\/thumbs\/pexels-rethaferguson-3825578-qnhi91g58vo9fbpas8wj6y7hq9iservafwe7ee5jp8.jpg\" title=\"pexels-rethaferguson-3825578\" alt=\"pexels-rethaferguson-3825578\" loading=\"lazy\" \/>\t\t\t\t\t\t\t\t\t\t\t\t\t<\/div>\n\t\t\t\t<\/div>\n\t\t\t\t\t<\/div>\n\t\t<\/div>\n\t\t\t\t\t<\/div>\n\t\t<\/section>\n\t\t\t\t<section class=\"elementor-section elementor-top-section elementor-element elementor-element-dd92acf elementor-section-boxed elementor-section-height-default elementor-section-height-default\" data-id=\"dd92acf\" data-element_type=\"section\" data-settings=\"{&quot;background_background&quot;:&quot;classic&quot;}\">\n\t\t\t\t\t\t<div class=\"elementor-container elementor-column-gap-default\">\n\t\t\t\t\t<div class=\"elementor-column elementor-col-100 elementor-top-column elementor-element elementor-element-08675b2\" data-id=\"08675b2\" data-element_type=\"column\">\n\t\t\t<div class=\"elementor-widget-wrap elementor-element-populated\">\n\t\t\t\t\t\t<div class=\"elementor-element elementor-element-bc3ea0d elementor-widget__width-initial elementor-widget elementor-widget-heading\" data-id=\"bc3ea0d\" data-element_type=\"widget\" data-widget_type=\"heading.default\">\n\t\t\t\t<div class=\"elementor-widget-container\">\n\t\t\t<h4 class=\"elementor-heading-title elementor-size-default\">MISI\u00d3N<\/h4>\t\t<\/div>\n\t\t\t\t<\/div>\n\t\t\t\t<div class=\"elementor-element elementor-element-3ff49c3 elementor-widget__width-initial elementor-view-default elementor-widget elementor-widget-icon\" data-id=\"3ff49c3\" data-element_type=\"widget\" data-widget_type=\"icon.default\">\n\t\t\t\t<div class=\"elementor-widget-container\">\n\t\t\t\t\t<div class=\"elementor-icon-wrapper\">\n\t\t\t<div class=\"elementor-icon\">\n\t\t\t<svg xmlns=\"http:\/\/www.w3.org\/2000\/svg\" xmlns:xlink=\"http:\/\/www.w3.org\/1999\/xlink\" id=\"Layer_1\" x=\"0px\" y=\"0px\" width=\"44px\" height=\"44px\" viewBox=\"0 0 44 44\" xml:space=\"preserve\"><g>\t<path fill=\"none\" stroke=\"#1A171A\" stroke-width=\"1.892\" d=\"M11.123,39.86\"><\/path>\t<path fill=\"#1A171A\" d=\"M40.488,36.598c-0.568,0-1.094,0.166-1.549,0.439l-5.845-4.856c0.86-1.327,1.366-2.906,1.366-4.605  c0-2.904-1.458-5.461-3.679-6.99l5.472-10.418c0.387,0.108,0.786,0.185,1.208,0.185c2.486,0,4.502-2.016,4.502-4.5  c0-2.489-2.016-4.503-4.502-4.503s-4.5,2.014-4.5,4.503c0,1.343,0.601,2.535,1.534,3.36l-5.487,10.447  c-0.941-0.36-1.959-0.566-3.026-0.566c-1.88,0-3.611,0.618-5.017,1.652l-9.212-9.852c0.479-0.715,0.759-1.574,0.759-2.498  c0-2.489-2.016-4.503-4.502-4.503s-4.5,2.014-4.5,4.503c0,2.484,2.014,4.5,4.5,4.5c0.836,0,1.608-0.243,2.279-0.64l9.212,9.852  c-1.246,1.476-1.999,3.382-1.999,5.468c0,0.116,0.013,0.229,0.018,0.346L6.157,29.747c-0.513-0.941-1.5-1.588-2.647-1.588  c-1.671,0-3.025,1.354-3.025,3.027c0,1.671,1.354,3.025,3.025,3.025c1.488,0,2.72-1.076,2.974-2.491l11.349-1.824  c1.011,3.552,4.271,6.157,8.15,6.157c2.262,0,4.312-0.892,5.832-2.336l5.847,4.856c-0.122,0.329-0.198,0.681-0.198,1.052  c0,1.67,1.354,3.025,3.025,3.025c1.672,0,3.027-1.355,3.027-3.025C43.516,37.952,42.16,36.598,40.488,36.598z M19.822,29.576  l0.014-0.002c-0.205-0.623-0.328-1.282-0.331-1.973h-0.001c0-0.009-0.001-0.018-0.001-0.026c0-1.505,0.52-2.888,1.383-3.989  l0.011,0.013c0.415-0.528,0.909-0.982,1.466-1.36l-0.021-0.021c1.039-0.708,2.292-1.124,3.641-1.124  c0.731,0,1.432,0.127,2.089,0.352l-0.003,0.005c0.643,0.219,1.229,0.548,1.764,0.945l0.008-0.015  c1.587,1.183,2.621,3.068,2.621,5.195c0,1.212-0.341,2.343-0.922,3.313l0,0c-0.345,0.575-0.774,1.093-1.274,1.535  c-1.144,1.011-2.64,1.63-4.282,1.63C23.108,34.054,20.668,32.172,19.822,29.576z\"><\/path>\t<path fill=\"#FFFFFF\" d=\"M26.982,21.178v-5.439c1.178-0.415,2.026-1.525,2.026-2.843c0-1.673-1.355-3.028-3.027-3.028  c-1.671,0-3.024,1.354-3.024,3.028c0,1.318,0.849,2.429,2.025,2.843v5.439c-3.099,0.483-5.479,3.164-5.479,6.397  c0,1.207,0.338,2.333,0.915,3.302l-4.66,3.854c-0.745-0.571-1.666-0.924-2.678-0.924c-2.442,0-4.422,1.979-4.422,4.423  c0,2.441,1.979,4.422,4.422,4.422c2.443,0,4.423-1.98,4.423-4.422c0-0.706-0.181-1.363-0.474-1.955l4.664-3.856  c1.144,1.014,2.644,1.636,4.289,1.636c3.572,0,6.479-2.906,6.479-6.479C32.461,24.342,30.08,21.662,26.982,21.178z\"><\/path><\/g><rect fill=\"none\" width=\"44\" height=\"44\"><\/rect><\/svg>\t\t\t<\/div>\n\t\t<\/div>\n\t\t\t\t<\/div>\n\t\t\t\t<\/div>\n\t\t\t\t<div class=\"elementor-element elementor-element-7b6ec68 elementor-widget__width-initial elementor-widget-divider--view-line elementor-widget elementor-widget-divider\" data-id=\"7b6ec68\" data-element_type=\"widget\" data-widget_type=\"divider.default\">\n\t\t\t\t<div class=\"elementor-widget-container\">\n\t\t\t<style>\/*! elementor - v3.22.0 - 17-06-2024 *\/\n.elementor-widget-divider{--divider-border-style:none;--divider-border-width:1px;--divider-color:#0c0d0e;--divider-icon-size:20px;--divider-element-spacing:10px;--divider-pattern-height:24px;--divider-pattern-size:20px;--divider-pattern-url:none;--divider-pattern-repeat:repeat-x}.elementor-widget-divider .elementor-divider{display:flex}.elementor-widget-divider .elementor-divider__text{font-size:15px;line-height:1;max-width:95%}.elementor-widget-divider .elementor-divider__element{margin:0 var(--divider-element-spacing);flex-shrink:0}.elementor-widget-divider .elementor-icon{font-size:var(--divider-icon-size)}.elementor-widget-divider .elementor-divider-separator{display:flex;margin:0;direction:ltr}.elementor-widget-divider--view-line_icon .elementor-divider-separator,.elementor-widget-divider--view-line_text .elementor-divider-separator{align-items:center}.elementor-widget-divider--view-line_icon .elementor-divider-separator:after,.elementor-widget-divider--view-line_icon .elementor-divider-separator:before,.elementor-widget-divider--view-line_text .elementor-divider-separator:after,.elementor-widget-divider--view-line_text .elementor-divider-separator:before{display:block;content:\"\";border-block-end:0;flex-grow:1;border-block-start:var(--divider-border-width) var(--divider-border-style) var(--divider-color)}.elementor-widget-divider--element-align-left .elementor-divider .elementor-divider-separator>.elementor-divider__svg:first-of-type{flex-grow:0;flex-shrink:100}.elementor-widget-divider--element-align-left .elementor-divider-separator:before{content:none}.elementor-widget-divider--element-align-left .elementor-divider__element{margin-left:0}.elementor-widget-divider--element-align-right .elementor-divider .elementor-divider-separator>.elementor-divider__svg:last-of-type{flex-grow:0;flex-shrink:100}.elementor-widget-divider--element-align-right .elementor-divider-separator:after{content:none}.elementor-widget-divider--element-align-right .elementor-divider__element{margin-right:0}.elementor-widget-divider--element-align-start .elementor-divider .elementor-divider-separator>.elementor-divider__svg:first-of-type{flex-grow:0;flex-shrink:100}.elementor-widget-divider--element-align-start .elementor-divider-separator:before{content:none}.elementor-widget-divider--element-align-start .elementor-divider__element{margin-inline-start:0}.elementor-widget-divider--element-align-end .elementor-divider .elementor-divider-separator>.elementor-divider__svg:last-of-type{flex-grow:0;flex-shrink:100}.elementor-widget-divider--element-align-end .elementor-divider-separator:after{content:none}.elementor-widget-divider--element-align-end .elementor-divider__element{margin-inline-end:0}.elementor-widget-divider:not(.elementor-widget-divider--view-line_text):not(.elementor-widget-divider--view-line_icon) .elementor-divider-separator{border-block-start:var(--divider-border-width) var(--divider-border-style) var(--divider-color)}.elementor-widget-divider--separator-type-pattern{--divider-border-style:none}.elementor-widget-divider--separator-type-pattern.elementor-widget-divider--view-line .elementor-divider-separator,.elementor-widget-divider--separator-type-pattern:not(.elementor-widget-divider--view-line) .elementor-divider-separator:after,.elementor-widget-divider--separator-type-pattern:not(.elementor-widget-divider--view-line) .elementor-divider-separator:before,.elementor-widget-divider--separator-type-pattern:not([class*=elementor-widget-divider--view]) .elementor-divider-separator{width:100%;min-height:var(--divider-pattern-height);-webkit-mask-size:var(--divider-pattern-size) 100%;mask-size:var(--divider-pattern-size) 100%;-webkit-mask-repeat:var(--divider-pattern-repeat);mask-repeat:var(--divider-pattern-repeat);background-color:var(--divider-color);-webkit-mask-image:var(--divider-pattern-url);mask-image:var(--divider-pattern-url)}.elementor-widget-divider--no-spacing{--divider-pattern-size:auto}.elementor-widget-divider--bg-round{--divider-pattern-repeat:round}.rtl .elementor-widget-divider .elementor-divider__text{direction:rtl}.e-con-inner>.elementor-widget-divider,.e-con>.elementor-widget-divider{width:var(--container-widget-width,100%);--flex-grow:var(--container-widget-flex-grow)}<\/style>\t\t<div class=\"elementor-divider\">\n\t\t\t<span class=\"elementor-divider-separator\">\n\t\t\t\t\t\t<\/span>\n\t\t<\/div>\n\t\t\t\t<\/div>\n\t\t\t\t<\/div>\n\t\t\t\t<div class=\"elementor-element elementor-element-b675fa0 elementor-widget__width-initial elementor-widget elementor-widget-text-editor\" data-id=\"b675fa0\" data-element_type=\"widget\" data-widget_type=\"text-editor.default\">\n\t\t\t\t<div class=\"elementor-widget-container\">\n\t\t\t\t\t\t\t<p>Nuestra misi\u00f3n es proveer servicios t\u00e9cnicos y comerciales con valor agregado para la industria, desarrollar y fabricar productos especializados, competitivos e innovadores para el mercado mundial, de forma econ\u00f3micamente rentable y ambientalmente sostenible, y as\u00ed ser reconocidos por nuestros clientes y proveedores como sus aliados a largo plazo.<\/p>\t\t\t\t\t\t<\/div>\n\t\t\t\t<\/div>\n\t\t\t\t\t<\/div>\n\t\t<\/div>\n\t\t\t\t\t<\/div>\n\t\t<\/section>\n\t\t\t\t<section class=\"elementor-section elementor-top-section elementor-element elementor-element-c331530 elementor-section-boxed elementor-section-height-default elementor-section-height-default\" data-id=\"c331530\" data-element_type=\"section\" data-settings=\"{&quot;background_background&quot;:&quot;classic&quot;}\">\n\t\t\t\t\t\t<div class=\"elementor-container elementor-column-gap-default\">\n\t\t\t\t\t<div class=\"elementor-column elementor-col-50 elementor-top-column elementor-element elementor-element-cb94738\" data-id=\"cb94738\" data-element_type=\"column\">\n\t\t\t<div class=\"elementor-widget-wrap elementor-element-populated\">\n\t\t\t\t\t\t<div class=\"elementor-element elementor-element-36797e7 elementor-widget__width-initial elementor-widget elementor-widget-heading\" data-id=\"36797e7\" data-element_type=\"widget\" data-widget_type=\"heading.default\">\n\t\t\t\t<div class=\"elementor-widget-container\">\n\t\t\t<h4 class=\"elementor-heading-title elementor-size-default\">EQUIPO<\/h4>\t\t<\/div>\n\t\t\t\t<\/div>\n\t\t\t\t<div class=\"elementor-element elementor-element-3a87478 elementor-widget__width-initial elementor-view-default elementor-widget elementor-widget-icon\" data-id=\"3a87478\" data-element_type=\"widget\" data-widget_type=\"icon.default\">\n\t\t\t\t<div class=\"elementor-widget-container\">\n\t\t\t\t\t<div class=\"elementor-icon-wrapper\">\n\t\t\t<div class=\"elementor-icon\">\n\t\t\t<svg xmlns=\"http:\/\/www.w3.org\/2000\/svg\" xmlns:xlink=\"http:\/\/www.w3.org\/1999\/xlink\" id=\"Layer_1\" x=\"0px\" y=\"0px\" width=\"44px\" height=\"44px\" viewBox=\"0 0 44 44\" xml:space=\"preserve\"><rect fill=\"none\" width=\"44\" height=\"44\"><\/rect><g>\t<path fill=\"#FFFFFF\" d=\"M30.969,26.663l-11.77-0.025l-12.371-9.8v-3.91c0-0.829-0.672-1.5-1.5-1.5s-1.5,0.671-1.5,1.5v5.361  l27.895,23.07c2.245,2.094,6.184,1.812,8.15-0.797C44.373,34.589,34.068,28.776,30.969,26.663z\"><\/path>\t<circle fill=\"#FFFFFF\" cx=\"5.328\" cy=\"8.017\" r=\"1.661\"><\/circle>\t<circle fill=\"#FFFFFF\" cx=\"5.328\" cy=\"2.172\" r=\"1.661\"><\/circle>\t<g>\t\t<path d=\"M11.013,10.932l0.565,0.462l26.543,21.692c2.183,1.787,2.561,4.949,0.843,7.047c-0.915,1.115-2.288,1.756-3.767,1.756   c-1.194,0-2.37-0.426-3.312-1.197L5.335,18.995l-0.557-0.455L11.013,10.932 M11.664,8.294c-0.34,0-0.68,0.148-0.914,0.434   l-8.125,9.916c-0.411,0.503-0.342,1.24,0.158,1.649c0.215,0.175,0.474,0.26,0.731,0.26c0.292,0,0.583-0.109,0.808-0.32   l26.55,21.697c1.277,1.047,2.812,1.559,4.325,1.559c1.887,0,3.736-0.797,5.004-2.342c2.281-2.785,1.803-6.947-1.066-9.299   L12.591,10.156c0.369-0.499,0.287-1.204-0.194-1.6C12.183,8.38,11.923,8.294,11.664,8.294L11.664,8.294z\"><\/path>\t<\/g><\/g><\/svg>\t\t\t<\/div>\n\t\t<\/div>\n\t\t\t\t<\/div>\n\t\t\t\t<\/div>\n\t\t\t\t<div class=\"elementor-element elementor-element-e3f699d elementor-widget__width-initial elementor-widget-divider--view-line elementor-widget elementor-widget-divider\" data-id=\"e3f699d\" data-element_type=\"widget\" data-widget_type=\"divider.default\">\n\t\t\t\t<div class=\"elementor-widget-container\">\n\t\t\t\t\t<div class=\"elementor-divider\">\n\t\t\t<span class=\"elementor-divider-separator\">\n\t\t\t\t\t\t<\/span>\n\t\t<\/div>\n\t\t\t\t<\/div>\n\t\t\t\t<\/div>\n\t\t\t\t<div class=\"elementor-element elementor-element-5866070 elementor-widget__width-initial elementor-widget elementor-widget-text-editor\" data-id=\"5866070\" data-element_type=\"widget\" data-widget_type=\"text-editor.default\">\n\t\t\t\t<div class=\"elementor-widget-container\">\n\t\t\t\t\t\t\t<p>El equipo de trabajo de Ingenier\u00eda Y Especialidades est\u00e1 conformado por profesionales con amplia experiencia en la industria colombiana, conocedor de las tecnolog\u00edas que ofrece, por lo que puede brindar un apoyo t\u00e9cnico efectivo y oportuno a los clientes. Adicionalmente cuenta con el respaldo tecnol\u00f3gico a nivel mundial de las compa\u00f1\u00edas que representa.<\/p>\t\t\t\t\t\t<\/div>\n\t\t\t\t<\/div>\n\t\t\t\t\t<\/div>\n\t\t<\/div>\n\t\t\t\t<div class=\"elementor-column elementor-col-50 elementor-top-column elementor-element elementor-element-cda15e6\" data-id=\"cda15e6\" data-element_type=\"column\">\n\t\t\t<div class=\"elementor-widget-wrap elementor-element-populated\">\n\t\t\t\t\t\t<div class=\"elementor-element elementor-element-fc7d00d elementor-widget__width-initial elementor-widget elementor-widget-heading\" data-id=\"fc7d00d\" data-element_type=\"widget\" data-widget_type=\"heading.default\">\n\t\t\t\t<div class=\"elementor-widget-container\">\n\t\t\t<h4 class=\"elementor-heading-title elementor-size-default\">COMPROMISO<\/h4>\t\t<\/div>\n\t\t\t\t<\/div>\n\t\t\t\t<div class=\"elementor-element elementor-element-b69e1b0 elementor-widget__width-initial elementor-view-default elementor-widget elementor-widget-icon\" data-id=\"b69e1b0\" data-element_type=\"widget\" data-widget_type=\"icon.default\">\n\t\t\t\t<div class=\"elementor-widget-container\">\n\t\t\t\t\t<div class=\"elementor-icon-wrapper\">\n\t\t\t<div class=\"elementor-icon\">\n\t\t\t<svg xmlns=\"http:\/\/www.w3.org\/2000\/svg\" xmlns:xlink=\"http:\/\/www.w3.org\/1999\/xlink\" id=\"Layer_1\" x=\"0px\" y=\"0px\" width=\"44px\" height=\"44px\" viewBox=\"0 0 44 44\" xml:space=\"preserve\"><rect fill=\"none\" width=\"44\" height=\"44\"><\/rect><g>\t<path fill=\"#FFFFFF\" d=\"M11.921,17.5c2.45,3.151,1.47,8.009,1.47,8.009s-4.947-0.25-7.395-3.404  c-2.449-3.147-1.471-8.005-1.471-8.005S9.473,14.351,11.921,17.5z\"><\/path>\t<path fill=\"#FFFFFF\" d=\"M20.77,31.355c4.743-3.078,11.48-1.109,11.48-1.109s-0.945,6.955-5.689,10.031  c-4.741,3.08-11.481,1.113-11.481,1.113S16.027,34.434,20.77,31.355z\"><\/path>\t\t\t<ellipse transform=\"matrix(0.9672 0.2538 -0.2538 0.9672 3.8988 -6.9727)\" fill=\"#FFFFFF\" cx=\"28.968\" cy=\"11.621\" rx=\"7.275\" ry=\"7.302\"><\/ellipse>\t\t\t<ellipse transform=\"matrix(0.9673 0.2537 -0.2537 0.9673 3.8996 -6.9681)\" fill=\"#1A171B\" cx=\"28.965\" cy=\"11.635\" rx=\"4.302\" ry=\"4.316\"><\/ellipse>\t<path fill=\"#1A171B\" d=\"M38.905,5.841c-1.548-2.649-4.034-4.536-7-5.314c-0.958-0.252-1.941-0.379-2.923-0.379  c-5.212,0-9.777,3.525-11.102,8.573c-0.779,2.969-0.354,6.062,1.195,8.71l0.362,0.62l-0.621,0.362  c-2.649,1.548-4.537,4.035-5.316,7.004c-0.223,0.85-0.345,1.76-0.362,2.703l-0.016,0.41l0.002,14.246  c0.001,0.592,0.483,1.074,1.075,1.074c0.547,0,0.999-0.412,1.065-0.941l0.021-13.949l-0.035-0.121l0.021-0.748  c0.02-0.74,0.119-1.457,0.297-2.133c0.678-2.592,2.442-4.771,4.841-5.979l0.443-0.224l0.366,0.336  c1.392,1.281,3.025,2.172,4.854,2.65c0.961,0.252,1.944,0.38,2.924,0.38c5.21,0,9.774-3.526,11.1-8.573  C40.877,11.583,40.453,8.49,38.905,5.841z M38.042,13.999c-1.079,4.111-4.797,6.982-9.042,6.982c-0.798,0-1.599-0.104-2.38-0.309  c-2.412-0.633-4.437-2.17-5.698-4.33c-1.263-2.16-1.609-4.678-0.976-7.092c1.078-4.111,4.797-6.982,9.043-6.982  c0.798,0,1.599,0.104,2.379,0.308C36.357,3.886,39.351,9.01,38.042,13.999z\"><\/path><\/g><\/svg>\t\t\t<\/div>\n\t\t<\/div>\n\t\t\t\t<\/div>\n\t\t\t\t<\/div>\n\t\t\t\t<div class=\"elementor-element elementor-element-84f83b9 elementor-widget__width-initial elementor-widget-divider--view-line elementor-widget elementor-widget-divider\" data-id=\"84f83b9\" data-element_type=\"widget\" data-widget_type=\"divider.default\">\n\t\t\t\t<div class=\"elementor-widget-container\">\n\t\t\t\t\t<div class=\"elementor-divider\">\n\t\t\t<span class=\"elementor-divider-separator\">\n\t\t\t\t\t\t<\/span>\n\t\t<\/div>\n\t\t\t\t<\/div>\n\t\t\t\t<\/div>\n\t\t\t\t<div class=\"elementor-element elementor-element-639fc6a elementor-widget__width-initial elementor-widget elementor-widget-text-editor\" data-id=\"639fc6a\" data-element_type=\"widget\" data-widget_type=\"text-editor.default\">\n\t\t\t\t<div class=\"elementor-widget-container\">\n\t\t\t\t\t\t\t<p>Nuestro compromiso social con toda la comunidad para nuestra empresa es prioritaria la seguridad y la salud de todos sus integrantes, clientes, proveedores y vecinos, conduciendo sus actividades dentro de pr\u00e1cticas seguras y responsables.<\/p>\t\t\t\t\t\t<\/div>\n\t\t\t\t<\/div>\n\t\t\t\t\t<\/div>\n\t\t<\/div>\n\t\t\t\t\t<\/div>\n\t\t<\/section>\n\t\t\t\t<\/div>\n\t\t","protected":false},"excerpt":{"rendered":"<p>INGENIER\u00cdA Y ESPECIALIDADES Somos una compa\u00f1\u00eda colombiana operando desde el a\u00f1o 2001, dedicada a la distribuci\u00f3n y fabricaci\u00f3n de especialidades qu\u00edmicas, buscando llevar soluciones tecnol\u00f3gicas a las necesidades de nuestros clientes. Para \u00e9ste prop\u00f3sito buscamos alianzas estrat\u00e9gicas con compa\u00f1\u00edas l\u00edderes mundiales. Todas nuestras tecnolog\u00edas est\u00e1n enfocadas a la protecci\u00f3n del medio ambiente y de la [&hellip;]<\/p>\n","protected":false},"author":1,"featured_media":0,"parent":0,"menu_order":0,"comment_status":"closed","ping_status":"closed","template":"","meta":{"site-sidebar-layout":"no-sidebar","site-content-layout":"page-builder","ast-site-content-layout":"full-width-container","site-content-style":"unboxed","site-sidebar-style":"unboxed","ast-global-header-display":"","ast-banner-title-visibility":"","ast-main-header-display":"","ast-hfb-above-header-display":"","ast-hfb-below-header-display":"","ast-hfb-mobile-header-display":"","site-post-title":"disabled","ast-breadcrumbs-content":"","ast-featured-img":"disabled","footer-sml-layout":"","theme-transparent-header-meta":"default","adv-header-id-meta":"","stick-header-meta":"","header-above-stick-meta":"","header-main-stick-meta":"","header-below-stick-meta":"","astra-migrate-meta-layouts":"set","ast-page-background-enabled":"default","ast-page-background-meta":{"desktop":{"background-color":"var(--ast-global-color-4)","background-image":"","background-repeat":"repeat","background-position":"center center","background-size":"auto","background-attachment":"scroll","background-type":"","background-media":"","overlay-type":"","overlay-color":"","overlay-gradient":""},"tablet":{"background-color":"","background-image":"","background-repeat":"repeat","background-position":"center center","background-size":"auto","background-attachment":"scroll","background-type":"","background-media":"","overlay-type":"","overlay-color":"","overlay-gradient":""},"mobile":{"background-color":"","background-image":"","background-repeat":"repeat","background-position":"center center","background-size":"auto","background-attachment":"scroll","background-type":"","background-media":"","overlay-type":"","overlay-color":"","overlay-gradient":""}},"ast-content-background-meta":{"desktop":{"background-color":"var(--ast-global-color-5)","background-image":"","background-repeat":"repeat","background-position":"center center","background-size":"auto","background-attachment":"scroll","background-type":"","background-media":"","overlay-type":"","overlay-color":"","overlay-gradient":""},"tablet":{"background-color":"var(--ast-global-color-5)","background-image":"","background-repeat":"repeat","background-position":"center center","background-size":"auto","background-attachment":"scroll","background-type":"","background-media":"","overlay-type":"","overlay-color":"","overlay-gradient":""},"mobile":{"background-color":"var(--ast-global-color-5)","background-image":"","background-repeat":"repeat","background-position":"center center","background-size":"auto","background-attachment":"scroll","background-type":"","background-media":"","overlay-type":"","overlay-color":"","overlay-gradient":""}},"footnotes":""},"class_list":["post-14","page","type-page","status-publish","hentry"],"_links":{"self":[{"href":"https:\/\/www.ingenieriayespecialidades.com\/WP_ING\/wp-json\/wp\/v2\/pages\/14","targetHints":{"allow":["GET"]}}],"collection":[{"href":"https:\/\/www.ingenieriayespecialidades.com\/WP_ING\/wp-json\/wp\/v2\/pages"}],"about":[{"href":"https:\/\/www.ingenieriayespecialidades.com\/WP_ING\/wp-json\/wp\/v2\/types\/page"}],"author":[{"embeddable":true,"href":"https:\/\/www.ingenieriayespecialidades.com\/WP_ING\/wp-json\/wp\/v2\/users\/1"}],"replies":[{"embeddable":true,"href":"https:\/\/www.ingenieriayespecialidades.com\/WP_ING\/wp-json\/wp\/v2\/comments?post=14"}],"version-history":[{"count":57,"href":"https:\/\/www.ingenieriayespecialidades.com\/WP_ING\/wp-json\/wp\/v2\/pages\/14\/revisions"}],"predecessor-version":[{"id":2033,"href":"https:\/\/www.ingenieriayespecialidades.com\/WP_ING\/wp-json\/wp\/v2\/pages\/14\/revisions\/2033"}],"wp:attachment":[{"href":"https:\/\/www.ingenieriayespecialidades.com\/WP_ING\/wp-json\/wp\/v2\/media?parent=14"}],"curies":[{"name":"wp","href":"https:\/\/api.w.org\/{rel}","templated":true}]}}